{"id":638,"date":"2014-07-15T19:49:30","date_gmt":"2014-07-15T19:49:30","guid":{"rendered":"http:\/\/www.creativpress.eu\/wordpress\/?page_id=638"},"modified":"2014-09-09T09:37:04","modified_gmt":"2014-09-09T09:37:04","slug":"partnery","status":"publish","type":"page","link":"http:\/\/www.creativpress.eu\/wordpress\/?page_id=638","title":{"rendered":"Distribu\u010dn\u00e9 a in\u00e9 aktivity"},"content":{"rendered":"<p>Pripravujeme aktualizaciu \u00a0&#8230;<\/p>\n<ul>\n<li>Tituly uveden\u00e9 v ponuke prednostne pon\u00fakame v r\u00e1mci n\u00e1\u0161ho priebe\u017ene aktuaiizovan\u00e9ho objedn\u00e1vkov\u00e9ho servisu\u00a0dostupn\u00e9ho E-mailom, po\u0161tou, telef\u00f3nom (SMS),\u00a0pozri &#8220;kontakt&#8221;.<\/li>\n<li>Dodanie zabezpe\u010dujeme z\u00a0n\u00e1\u0161ho centr\u00e1lneho skladu.<\/li>\n<li>Tzv. &#8220;kamennu predaj\u0148u&#8221; t.\u010d. neprev\u00e1dzkujeme.<\/li>\n<li>So z\u00e1ujemcami o n\u00e1sledn\u00fd predaj a vyu\u017eitie na\u0161\u00edch produktov (fyzick\u00e9 osoby, cirkve, neziskov\u00e9 organiz\u00e1cie, kni\u017enice, \u0161koly a podnikate\u013esk\u00e9 subjekty) uzatv\u00e1rame dohody.<\/li>\n<li>Organizujeme a podielame sa na prezent\u00e1ciach a zabezpe\u010dujeme &#8220;mobiln\u00fd&#8221; ambulantn\u00fd predaj v\u00fdjazdmi a \u00fa\u010das\u0165ou na v\u00fdstav\u00e1ch, konferenci\u00e1ch, festivaloch. \u00a0 \u00a0 \u00a0 \u00a0 \u00a0 \u00a0 \u00a0 \u00a0 \u00a0 \u00a0 \u00a0 \u00a0 \u00a0 \u00a0 \u00a0 \u00a0 \u00a0 \u00a0 \u00a0 \u00a0 \u00a0 \u00a0 ( V\u00edtame va\u0161e n\u00e1mety a pozvania ).<\/li>\n<li>Pri mobiln\u00fdch prezent\u00e1ciach a v\u00fdjazdoch vyu\u017e\u00edvame mobiln\u00e9 prezenta\u010dn\u00e9 ve\u017ee, mobiln\u00fa ambulantn\u00fa predaj\u0148u premiestnite\u013en\u00fa pr\u00edvesom a v spolupr\u00e1ci s OM-F\u00ednsko aj autobus BUS4LIFE.<\/li>\n<\/ul>\n<p>&nbsp;<\/p>\n<p>&nbsp;<\/p>\n","protected":false},"excerpt":{"rendered":"<p>Pripravujeme aktualizaciu \u00a0&#8230; Tituly uveden\u00e9 v ponuke prednostne pon\u00fakame v r\u00e1mci n\u00e1\u0161ho priebe\u017ene aktuaiizovan\u00e9ho objedn\u00e1vkov\u00e9ho servisu\u00a0dostupn\u00e9ho E-mailom, po\u0161tou, telef\u00f3nom (SMS),\u00a0pozri &#8220;kontakt&#8221;. Dodanie zabezpe\u010dujeme z\u00a0n\u00e1\u0161ho centr\u00e1lneho skladu. Tzv. &#8220;kamennu predaj\u0148u&#8221; t.\u010d. neprev\u00e1dzkujeme. So z\u00e1ujemcami o n\u00e1sledn\u00fd predaj a vyu\u017eitie na\u0161\u00edch produktov (fyzick\u00e9 osoby, cirkve, neziskov\u00e9 organiz\u00e1cie, kni\u017enice, \u0161koly a podnikate\u013esk\u00e9 subjekty) uzatv\u00e1rame dohody. Organizujeme a podielame [&hellip;]<\/p>\n","protected":false},"author":1,"featured_media":0,"parent":4,"menu_order":0,"comment_status":"closed","ping_status":"closed","template":"","meta":[],"_links":{"self":[{"href":"http:\/\/www.creativpress.eu\/wordpress\/index.php?rest_route=\/wp\/v2\/pages\/638"}],"collection":[{"href":"http:\/\/www.creativpress.eu\/wordpress\/index.php?rest_route=\/wp\/v2\/pages"}],"about":[{"href":"http:\/\/www.creativpress.eu\/wordpress\/index.php?rest_route=\/wp\/v2\/types\/page"}],"author":[{"embeddable":true,"href":"http:\/\/www.creativpress.eu\/wordpress\/index.php?rest_route=\/wp\/v2\/users\/1"}],"replies":[{"embeddable":true,"href":"http:\/\/www.creativpress.eu\/wordpress\/index.php?rest_route=%2Fwp%2Fv2%2Fcomments&post=638"}],"version-history":[{"count":6,"href":"http:\/\/www.creativpress.eu\/wordpress\/index.php?rest_route=\/wp\/v2\/pages\/638\/revisions"}],"predecessor-version":[{"id":740,"href":"http:\/\/www.creativpress.eu\/wordpress\/index.php?rest_route=\/wp\/v2\/pages\/638\/revisions\/740"}],"up":[{"embeddable":true,"href":"http:\/\/www.creativpress.eu\/wordpress\/index.php?rest_route=\/wp\/v2\/pages\/4"}],"wp:attachment":[{"href":"http:\/\/www.creativpress.eu\/wordpress\/index.php?rest_route=%2Fwp%2Fv2%2Fmedia&parent=638"}],"curies":[{"name":"wp","href":"https:\/\/api.w.org\/{rel}","templated":true}]}}